{"id":4466,"date":"2023-03-20T23:54:49","date_gmt":"2023-03-20T21:54:49","guid":{"rendered":"https:\/\/gamtosoaze.lt\/pradzia\/"},"modified":"2024-06-21T13:04:50","modified_gmt":"2024-06-21T10:04:50","slug":"pradzia","status":"publish","type":"page","link":"https:\/\/gamtosoaze.lt\/ru\/","title":{"rendered":"\u041f\u0435\u0440\u0432\u0430\u044f \u0441\u0442\u0440\u0430\u043d\u0438\u0446\u0430"},"content":{"rendered":"","protected":false},"excerpt":{"rendered":"","protected":false},"author":1,"featured_media":0,"parent":0,"menu_order":9,"comment_status":"closed","ping_status":"closed","template":"","meta":{"_acf_changed":false,"_uag_custom_page_level_css":"","site-sidebar-layout":"default","site-content-layout":"default","ast-site-content-layout":"default","site-content-style":"default","site-sidebar-style":"default","ast-global-header-display":"","ast-banner-title-visibility":"","ast-main-header-display":"","ast-hfb-above-header-display":"","ast-hfb-below-header-display":"","ast-hfb-mobile-header-display":"","site-post-title":"disabled","ast-breadcrumbs-content":"disabled","ast-featured-img":"disabled","footer-sml-layout":"disabled","theme-transparent-header-meta":"default","adv-header-id-meta":"","stick-header-meta":"","header-above-stick-meta":"","header-main-stick-meta":"","header-below-stick-meta":"","astra-migrate-meta-layouts":"set","ast-page-background-enabled":"default","ast-page-background-meta":{"desktop":{"background-color":"var(--ast-global-color-4)","background-image":"","background-repeat":"repeat","background-position":"center center","background-size":"auto","background-attachment":"scroll","background-type":"","background-media":"","overlay-type":"","overlay-color":"","overlay-gradient":""},"tablet":{"background-color":"","background-image":"","background-repeat":"repeat","background-position":"center center","background-size":"auto","background-attachment":"scroll","background-type":"","background-media":"","overlay-type":"","overlay-color":"","overlay-gradient":""},"mobile":{"background-color":"","background-image":"","background-repeat":"repeat","background-position":"center center","background-size":"auto","background-attachment":"scroll","background-type":"","background-media":"","overlay-type":"","overlay-color":"","overlay-gradient":""}},"ast-content-background-meta":{"desktop":{"background-color":"var(--ast-global-color-5)","background-image":"","background-repeat":"repeat","background-position":"center center","background-size":"auto","background-attachment":"scroll","background-type":"","background-media":"","overlay-type":"","overlay-color":"","overlay-gradient":""},"tablet":{"background-color":"var(--ast-global-color-5)","background-image":"","background-repeat":"repeat","background-position":"center center","background-size":"auto","background-attachment":"scroll","background-type":"","background-media":"","overlay-type":"","overlay-color":"","overlay-gradient":""},"mobile":{"background-color":"var(--ast-global-color-5)","background-image":"","background-repeat":"repeat","background-position":"center center","background-size":"auto","background-attachment":"scroll","background-type":"","background-media":"","overlay-type":"","overlay-color":"","overlay-gradient":""}},"footnotes":""},"class_list":["post-4466","page","type-page","status-publish","hentry"],"acf":[],"yoast_head":"<!-- This site is optimized with the Yoast SEO plugin v24.6 - https:\/\/yoast.com\/wordpress\/plugins\/seo\/ -->\n<title>Nameli\u0173 Nuoma Latvijoje \u2013 \u201eGamtos Oaz\u0117\u201c Pap\u0117je<\/title>\n<meta name=\"description\" content=\"\u201eGamtos oaz\u0117\u201c nameli\u0173 nuoma Latvijoje: privatumas ir ramyb\u0117 \u0161alia Baltijos j\u016bros. Puikiai tinka \u0161eimoms ir draug\u0173 grup\u0117ms.\" \/>\n<meta name=\"robots\" content=\"index, follow, max-snippet:-1, max-image-preview:large, max-video-preview:-1\" \/>\n<link rel=\"canonical\" href=\"https:\/\/gamtosoaze.lt\/ru\/\" \/>\n<meta property=\"og:locale\" content=\"ru_RU\" \/>\n<meta property=\"og:type\" content=\"article\" \/>\n<meta property=\"og:title\" content=\"Nameli\u0173 Nuoma Latvijoje \u2013 \u201eGamtos Oaz\u0117\u201c Pap\u0117je\" \/>\n<meta property=\"og:description\" content=\"\u201eGamtos oaz\u0117\u201c nameli\u0173 nuoma Latvijoje: privatumas ir ramyb\u0117 \u0161alia Baltijos j\u016bros. Puikiai tinka \u0161eimoms ir draug\u0173 grup\u0117ms.\" \/>\n<meta property=\"og:url\" content=\"https:\/\/gamtosoaze.lt\/ru\/\" \/>\n<meta property=\"og:site_name\" content=\"gamtosoaze.lt\" \/>\n<meta property=\"article:publisher\" content=\"https:\/\/www.facebook.com\/gamtosoaze.lt\" \/>\n<meta property=\"article:modified_time\" content=\"2024-06-21T10:04:50+00:00\" \/>\n<meta name=\"twitter:card\" content=\"summary_large_image\" \/>\n<script type=\"application\/ld+json\" class=\"yoast-schema-graph\">{\"@context\":\"https:\/\/schema.org\",\"@graph\":[{\"@type\":\"WebPage\",\"@id\":\"https:\/\/gamtosoaze.lt\/ru\/\",\"url\":\"https:\/\/gamtosoaze.lt\/ru\/\",\"name\":\"Nameli\u0173 Nuoma Latvijoje \u2013 \u201eGamtos Oaz\u0117\u201c Pap\u0117je\",\"isPartOf\":{\"@id\":\"https:\/\/gamtosoaze.lt\/#website\"},\"datePublished\":\"2023-03-20T21:54:49+00:00\",\"dateModified\":\"2024-06-21T10:04:50+00:00\",\"description\":\"\u201eGamtos oaz\u0117\u201c nameli\u0173 nuoma Latvijoje: privatumas ir ramyb\u0117 \u0161alia Baltijos j\u016bros. Puikiai tinka \u0161eimoms ir draug\u0173 grup\u0117ms.\",\"breadcrumb\":{\"@id\":\"https:\/\/gamtosoaze.lt\/ru\/#breadcrumb\"},\"inLanguage\":\"ru-RU\",\"potentialAction\":[{\"@type\":\"ReadAction\",\"target\":[\"https:\/\/gamtosoaze.lt\/ru\/\"]}]},{\"@type\":\"BreadcrumbList\",\"@id\":\"https:\/\/gamtosoaze.lt\/ru\/#breadcrumb\",\"itemListElement\":[{\"@type\":\"ListItem\",\"position\":1,\"name\":\"Home\",\"item\":\"https:\/\/gamtosoaze.lt\/ru\/\"},{\"@type\":\"ListItem\",\"position\":2,\"name\":\"\u041f\u0435\u0440\u0432\u0430\u044f \u0441\u0442\u0440\u0430\u043d\u0438\u0446\u0430\"}]},{\"@type\":\"WebSite\",\"@id\":\"https:\/\/gamtosoaze.lt\/#website\",\"url\":\"https:\/\/gamtosoaze.lt\/\",\"name\":\"gamtosoaze.lt\",\"description\":\"\",\"publisher\":{\"@id\":\"https:\/\/gamtosoaze.lt\/#organization\"},\"potentialAction\":[{\"@type\":\"SearchAction\",\"target\":{\"@type\":\"EntryPoint\",\"urlTemplate\":\"https:\/\/gamtosoaze.lt\/?s={search_term_string}\"},\"query-input\":{\"@type\":\"PropertyValueSpecification\",\"valueRequired\":true,\"valueName\":\"search_term_string\"}}],\"inLanguage\":\"ru-RU\"},{\"@type\":\"Organization\",\"@id\":\"https:\/\/gamtosoaze.lt\/#organization\",\"name\":\"gamtosoaze.lt\",\"url\":\"https:\/\/gamtosoaze.lt\/\",\"logo\":{\"@type\":\"ImageObject\",\"inLanguage\":\"ru-RU\",\"@id\":\"https:\/\/gamtosoaze.lt\/#\/schema\/logo\/image\/\",\"url\":\"https:\/\/gamtosoaze.lt\/wp-content\/uploads\/2023\/04\/logo.png\",\"contentUrl\":\"https:\/\/gamtosoaze.lt\/wp-content\/uploads\/2023\/04\/logo.png\",\"width\":247,\"height\":130,\"caption\":\"gamtosoaze.lt\"},\"image\":{\"@id\":\"https:\/\/gamtosoaze.lt\/#\/schema\/logo\/image\/\"},\"sameAs\":[\"https:\/\/www.facebook.com\/gamtosoaze.lt\"]}]}<\/script>\n<!-- \/ Yoast SEO plugin. -->","yoast_head_json":{"title":"Nameli\u0173 Nuoma Latvijoje \u2013 \u201eGamtos Oaz\u0117\u201c Pap\u0117je","description":"\u201eGamtos oaz\u0117\u201c nameli\u0173 nuoma Latvijoje: privatumas ir ramyb\u0117 \u0161alia Baltijos j\u016bros. Puikiai tinka \u0161eimoms ir draug\u0173 grup\u0117ms.","robots":{"index":"index","follow":"follow","max-snippet":"max-snippet:-1","max-image-preview":"max-image-preview:large","max-video-preview":"max-video-preview:-1"},"canonical":"https:\/\/gamtosoaze.lt\/ru\/","og_locale":"ru_RU","og_type":"article","og_title":"Nameli\u0173 Nuoma Latvijoje \u2013 \u201eGamtos Oaz\u0117\u201c Pap\u0117je","og_description":"\u201eGamtos oaz\u0117\u201c nameli\u0173 nuoma Latvijoje: privatumas ir ramyb\u0117 \u0161alia Baltijos j\u016bros. Puikiai tinka \u0161eimoms ir draug\u0173 grup\u0117ms.","og_url":"https:\/\/gamtosoaze.lt\/ru\/","og_site_name":"gamtosoaze.lt","article_publisher":"https:\/\/www.facebook.com\/gamtosoaze.lt","article_modified_time":"2024-06-21T10:04:50+00:00","twitter_card":"summary_large_image","schema":{"@context":"https:\/\/schema.org","@graph":[{"@type":"WebPage","@id":"https:\/\/gamtosoaze.lt\/ru\/","url":"https:\/\/gamtosoaze.lt\/ru\/","name":"Nameli\u0173 Nuoma Latvijoje \u2013 \u201eGamtos Oaz\u0117\u201c Pap\u0117je","isPartOf":{"@id":"https:\/\/gamtosoaze.lt\/#website"},"datePublished":"2023-03-20T21:54:49+00:00","dateModified":"2024-06-21T10:04:50+00:00","description":"\u201eGamtos oaz\u0117\u201c nameli\u0173 nuoma Latvijoje: privatumas ir ramyb\u0117 \u0161alia Baltijos j\u016bros. Puikiai tinka \u0161eimoms ir draug\u0173 grup\u0117ms.","breadcrumb":{"@id":"https:\/\/gamtosoaze.lt\/ru\/#breadcrumb"},"inLanguage":"ru-RU","potentialAction":[{"@type":"ReadAction","target":["https:\/\/gamtosoaze.lt\/ru\/"]}]},{"@type":"BreadcrumbList","@id":"https:\/\/gamtosoaze.lt\/ru\/#breadcrumb","itemListElement":[{"@type":"ListItem","position":1,"name":"Home","item":"https:\/\/gamtosoaze.lt\/ru\/"},{"@type":"ListItem","position":2,"name":"\u041f\u0435\u0440\u0432\u0430\u044f \u0441\u0442\u0440\u0430\u043d\u0438\u0446\u0430"}]},{"@type":"WebSite","@id":"https:\/\/gamtosoaze.lt\/#website","url":"https:\/\/gamtosoaze.lt\/","name":"gamtosoaze.lt","description":"","publisher":{"@id":"https:\/\/gamtosoaze.lt\/#organization"},"potentialAction":[{"@type":"SearchAction","target":{"@type":"EntryPoint","urlTemplate":"https:\/\/gamtosoaze.lt\/?s={search_term_string}"},"query-input":{"@type":"PropertyValueSpecification","valueRequired":true,"valueName":"search_term_string"}}],"inLanguage":"ru-RU"},{"@type":"Organization","@id":"https:\/\/gamtosoaze.lt\/#organization","name":"gamtosoaze.lt","url":"https:\/\/gamtosoaze.lt\/","logo":{"@type":"ImageObject","inLanguage":"ru-RU","@id":"https:\/\/gamtosoaze.lt\/#\/schema\/logo\/image\/","url":"https:\/\/gamtosoaze.lt\/wp-content\/uploads\/2023\/04\/logo.png","contentUrl":"https:\/\/gamtosoaze.lt\/wp-content\/uploads\/2023\/04\/logo.png","width":247,"height":130,"caption":"gamtosoaze.lt"},"image":{"@id":"https:\/\/gamtosoaze.lt\/#\/schema\/logo\/image\/"},"sameAs":["https:\/\/www.facebook.com\/gamtosoaze.lt"]}]}},"uagb_featured_image_src":{"full":false,"thumbnail":false,"medium":false,"medium_large":false,"large":false,"1536x1536":false,"2048x2048":false,"woocommerce_thumbnail":false,"woocommerce_single":false,"woocommerce_gallery_thumbnail":false},"uagb_author_info":{"display_name":"admin","author_link":"https:\/\/gamtosoaze.lt\/ru\/author\/faf6960e911f9417\/"},"uagb_comment_info":0,"uagb_excerpt":null,"_links":{"self":[{"href":"https:\/\/gamtosoaze.lt\/ru\/wp-json\/wp\/v2\/pages\/4466","targetHints":{"allow":["GET"]}}],"collection":[{"href":"https:\/\/gamtosoaze.lt\/ru\/wp-json\/wp\/v2\/pages"}],"about":[{"href":"https:\/\/gamtosoaze.lt\/ru\/wp-json\/wp\/v2\/types\/page"}],"author":[{"embeddable":true,"href":"https:\/\/gamtosoaze.lt\/ru\/wp-json\/wp\/v2\/users\/1"}],"replies":[{"embeddable":true,"href":"https:\/\/gamtosoaze.lt\/ru\/wp-json\/wp\/v2\/comments?post=4466"}],"version-history":[{"count":2,"href":"https:\/\/gamtosoaze.lt\/ru\/wp-json\/wp\/v2\/pages\/4466\/revisions"}],"predecessor-version":[{"id":4479,"href":"https:\/\/gamtosoaze.lt\/ru\/wp-json\/wp\/v2\/pages\/4466\/revisions\/4479"}],"wp:attachment":[{"href":"https:\/\/gamtosoaze.lt\/ru\/wp-json\/wp\/v2\/media?parent=4466"}],"curies":[{"name":"wp","href":"https:\/\/api.w.org\/{rel}","templated":true}]}}