{"id":2714,"date":"2023-04-13T13:23:08","date_gmt":"2023-04-13T10:23:08","guid":{"rendered":"https:\/\/gamtosoaze.lt\/product\/kambarys-6-2-2-vietos\/"},"modified":"2025-04-17T13:54:45","modified_gmt":"2025-04-17T10:54:45","slug":"kambarys-6-2-2-vietos","status":"publish","type":"product","link":"https:\/\/gamtosoaze.lt\/en\/product\/kambarys-6-2-2-vietos\/","title":{"rendered":"House no. 6, room no. 2 (2 places)"},"content":{"rendered":"<p>Atoki \u201eGamtos oaz\u0117\u201c Baltijos j\u016bros pakrant\u0117je, Pap\u0117s vietov\u0117je Latvijoje. J\u016bra tiesiog kieme. Ramyb\u0117s ir privatumo pasiilgusi\u0173 poilsiautoj\u0173 poreikiams \u2013 bema\u017e laukiniai sm\u0117lio papl\u016bdimiai, plat\u016bs mi\u0161kai, nepraminti takai, retai sutinkama gyv\u016bnija. Poilsiautojams parengtos 47 miegamosios vietos patalpose, kur \u012frengti visi gyvenimui reikalingi patogumai, ir 28 miegamosios vietos, kai gyventojai naudojasi bendromis teritorijoje \u012frengtomis sanitarin\u0117mis patalpomis. \u201eVitali\u201c nameliai yra dviej\u0173 but\u0173, turin\u010di\u0173 atskirus \u012f\u0117jimus, \u201eVaidali\u201c vasarnamiai \u2013 erdv\u016bs individual\u016bs namai \u0161eimai ar didesnei kompanijai. \u201eMarkusi\u201c namas \u2013 keli\u0173 but\u0173, su skirtingo dyd\u017eio gyvenamosiomis patalpomis. Kiekvienas butas turi lauko baldus ir kepsnines.<\/p>\n","protected":false},"excerpt":{"rendered":"<p>Children aged 8 and over are considered adults. When indicating the number of arriving guests, don&#8217;t forget to include children who are older than 8 years.<br \/>\nIf more people arrive than specified in the accommodation conditions, each additional person will be charged an extra fee of 10-25 euros (depending on the room).<\/p>\n<p>Upon arrival, you will find bedding, but please bring your own bed linen and towels (rental is available \u2013 price is 7 euros).<br \/>\nThe kitchen is equipped with a frying pan, pot, cutlery, dishes, stovetop, and refrigerator.<\/p>\n<p>No matter how fun it is by the sea, you are responsible for the safety and supervision of your children.<br \/>\nBy arriving with pets, you take responsibility and ensure that their presence does not disturb the rest of other guests.<\/p>\n<p>Please note that the tap water is drinkable!<br \/>\nThe nearest store is 12 km away, and the closest caf\u00e9 is 3 km away.<br \/>\nWe will provide a barbecue grill, but please bring your own skewers and grates.<br \/>\nDon&#8217;t forget charcoal or firewood, although the latter can be purchased on-site \u2013 a bundle costs 6 euros.<\/p>\n","protected":false},"featured_media":1685,"template":"","meta":{"_acf_changed":false,"_uag_custom_page_level_css":"","site-sidebar-layout":"default","site-content-layout":"default","ast-site-content-layout":"default","site-content-style":"default","site-sidebar-style":"default","ast-global-header-display":"","ast-banner-title-visibility":"","ast-main-header-display":"","ast-hfb-above-header-display":"","ast-hfb-below-header-display":"","ast-hfb-mobile-header-display":"","site-post-title":"","ast-breadcrumbs-content":"","ast-featured-img":"","footer-sml-layout":"","theme-transparent-header-meta":"default","adv-header-id-meta":"","stick-header-meta":"","header-above-stick-meta":"","header-main-stick-meta":"","header-below-stick-meta":"","astra-migrate-meta-layouts":"set","ast-page-background-enabled":"default","ast-page-background-meta":{"desktop":{"background-color":"var(--ast-global-color-4)","background-image":"","background-repeat":"repeat","background-position":"center center","background-size":"auto","background-attachment":"scroll","background-type":"","background-media":"","overlay-type":"","overlay-color":"","overlay-gradient":""},"tablet":{"background-color":"","background-image":"","background-repeat":"repeat","background-position":"center center","background-size":"auto","background-attachment":"scroll","background-type":"","background-media":"","overlay-type":"","overlay-color":"","overlay-gradient":""},"mobile":{"background-color":"","background-image":"","background-repeat":"repeat","background-position":"center center","background-size":"auto","background-attachment":"scroll","background-type":"","background-media":"","overlay-type":"","overlay-color":"","overlay-gradient":""}},"ast-content-background-meta":{"desktop":{"background-color":"var(--ast-global-color-5)","background-image":"","background-repeat":"repeat","background-position":"center center","background-size":"auto","background-attachment":"scroll","background-type":"","background-media":"","overlay-type":"","overlay-color":"","overlay-gradient":""},"tablet":{"background-color":"var(--ast-global-color-5)","background-image":"","background-repeat":"repeat","background-position":"center center","background-size":"auto","background-attachment":"scroll","background-type":"","background-media":"","overlay-type":"","overlay-color":"","overlay-gradient":""},"mobile":{"background-color":"var(--ast-global-color-5)","background-image":"","background-repeat":"repeat","background-position":"center center","background-size":"auto","background-attachment":"scroll","background-type":"","background-media":"","overlay-type":"","overlay-color":"","overlay-gradient":""}}},"product_cat":[62],"product_tag":[],"class_list":{"0":"post-2714","1":"product","2":"type-product","3":"status-publish","4":"has-post-thumbnail","6":"product_cat-cottage-6","7":"desktop-align-left","8":"tablet-align-left","9":"mobile-align-left","10":"ast-product-gallery-layout-horizontal-slider","11":"ast-product-tabs-layout-accordion","13":"first","14":"instock","15":"virtual","16":"sold-individually","17":"taxable","18":"purchasable","19":"product-type-accommodation-booking"},"acf":[],"yoast_head":"<!-- This site is optimized with the Yoast SEO plugin v24.6 - https:\/\/yoast.com\/wordpress\/plugins\/seo\/ -->\n<title>House no. 6, room no. 2 (2 places) - gamtosoaze.lt<\/title>\n<meta name=\"robots\" content=\"index, follow, max-snippet:-1, max-image-preview:large, max-video-preview:-1\" \/>\n<link rel=\"canonical\" href=\"https:\/\/gamtosoaze.lt\/en\/product\/kambarys-6-2-2-vietos\/\" \/>\n<meta property=\"og:locale\" content=\"en_US\" \/>\n<meta property=\"og:type\" content=\"article\" \/>\n<meta property=\"og:title\" content=\"House no. 6, room no. 2 (2 places) - gamtosoaze.lt\" \/>\n<meta property=\"og:description\" content=\"Children aged 8 and over are considered adults. When indicating the number of arriving guests, don&#039;t forget to include children who are older than 8 years. If more people arrive than specified in the accommodation conditions, each additional person will be charged an extra fee of 10-25 euros (depending on the room).  Upon arrival, you will find bedding, but please bring your own bed linen and towels (rental is available \u2013 price is 7 euros). The kitchen is equipped with a frying pan, pot, cutlery, dishes, stovetop, and refrigerator.  No matter how fun it is by the sea, you are responsible for the safety and supervision of your children. By arriving with pets, you take responsibility and ensure that their presence does not disturb the rest of other guests.  Please note that the tap water is drinkable! The nearest store is 12 km away, and the closest caf\u00e9 is 3 km away. We will provide a barbecue grill, but please bring your own skewers and grates. Don&#039;t forget charcoal or firewood, although the latter can be purchased on-site \u2013 a bundle costs 6 euros.\" \/>\n<meta property=\"og:url\" content=\"https:\/\/gamtosoaze.lt\/en\/product\/kambarys-6-2-2-vietos\/\" \/>\n<meta property=\"og:site_name\" content=\"gamtosoaze.lt\" \/>\n<meta property=\"article:publisher\" content=\"https:\/\/www.facebook.com\/gamtosoaze.lt\" \/>\n<meta property=\"article:modified_time\" content=\"2025-04-17T10:54:45+00:00\" \/>\n<meta property=\"og:image\" content=\"https:\/\/gamtosoaze.lt\/wp-content\/uploads\/2023\/04\/Vitali-6-2-iii.jpg\" \/>\n\t<meta property=\"og:image:width\" content=\"2048\" \/>\n\t<meta property=\"og:image:height\" content=\"1367\" \/>\n\t<meta property=\"og:image:type\" content=\"image\/jpeg\" \/>\n<meta name=\"twitter:card\" content=\"summary_large_image\" \/>\n<meta name=\"twitter:label1\" content=\"Est. reading time\" \/>\n\t<meta name=\"twitter:data1\" content=\"1 minute\" \/>\n<script type=\"application\/ld+json\" class=\"yoast-schema-graph\">{\"@context\":\"https:\/\/schema.org\",\"@graph\":[{\"@type\":\"WebPage\",\"@id\":\"https:\/\/gamtosoaze.lt\/en\/product\/kambarys-6-2-2-vietos\/\",\"url\":\"https:\/\/gamtosoaze.lt\/en\/product\/kambarys-6-2-2-vietos\/\",\"name\":\"House no. 6, room no. 2 (2 places) - gamtosoaze.lt\",\"isPartOf\":{\"@id\":\"https:\/\/gamtosoaze.lt\/#website\"},\"primaryImageOfPage\":{\"@id\":\"https:\/\/gamtosoaze.lt\/en\/product\/kambarys-6-2-2-vietos\/#primaryimage\"},\"image\":{\"@id\":\"https:\/\/gamtosoaze.lt\/en\/product\/kambarys-6-2-2-vietos\/#primaryimage\"},\"thumbnailUrl\":\"https:\/\/gamtosoaze.lt\/wp-content\/uploads\/2023\/04\/Vitali-6-2-iii.jpg\",\"datePublished\":\"2023-04-13T10:23:08+00:00\",\"dateModified\":\"2025-04-17T10:54:45+00:00\",\"breadcrumb\":{\"@id\":\"https:\/\/gamtosoaze.lt\/en\/product\/kambarys-6-2-2-vietos\/#breadcrumb\"},\"inLanguage\":\"en-US\",\"potentialAction\":[{\"@type\":\"ReadAction\",\"target\":[\"https:\/\/gamtosoaze.lt\/en\/product\/kambarys-6-2-2-vietos\/\"]}]},{\"@type\":\"ImageObject\",\"inLanguage\":\"en-US\",\"@id\":\"https:\/\/gamtosoaze.lt\/en\/product\/kambarys-6-2-2-vietos\/#primaryimage\",\"url\":\"https:\/\/gamtosoaze.lt\/wp-content\/uploads\/2023\/04\/Vitali-6-2-iii.jpg\",\"contentUrl\":\"https:\/\/gamtosoaze.lt\/wp-content\/uploads\/2023\/04\/Vitali-6-2-iii.jpg\",\"width\":2048,\"height\":1367},{\"@type\":\"BreadcrumbList\",\"@id\":\"https:\/\/gamtosoaze.lt\/en\/product\/kambarys-6-2-2-vietos\/#breadcrumb\",\"itemListElement\":[{\"@type\":\"ListItem\",\"position\":1,\"name\":\"Home\",\"item\":\"https:\/\/gamtosoaze.lt\/\"},{\"@type\":\"ListItem\",\"position\":2,\"name\":\"Shop\",\"item\":\"https:\/\/gamtosoaze.lt\/en\/shop\/\"},{\"@type\":\"ListItem\",\"position\":3,\"name\":\"House no. 6, room no. 2 (2 places)\"}]},{\"@type\":\"WebSite\",\"@id\":\"https:\/\/gamtosoaze.lt\/#website\",\"url\":\"https:\/\/gamtosoaze.lt\/\",\"name\":\"gamtosoaze.lt\",\"description\":\"\",\"publisher\":{\"@id\":\"https:\/\/gamtosoaze.lt\/#organization\"},\"potentialAction\":[{\"@type\":\"SearchAction\",\"target\":{\"@type\":\"EntryPoint\",\"urlTemplate\":\"https:\/\/gamtosoaze.lt\/?s={search_term_string}\"},\"query-input\":{\"@type\":\"PropertyValueSpecification\",\"valueRequired\":true,\"valueName\":\"search_term_string\"}}],\"inLanguage\":\"en-US\"},{\"@type\":\"Organization\",\"@id\":\"https:\/\/gamtosoaze.lt\/#organization\",\"name\":\"gamtosoaze.lt\",\"url\":\"https:\/\/gamtosoaze.lt\/\",\"logo\":{\"@type\":\"ImageObject\",\"inLanguage\":\"en-US\",\"@id\":\"https:\/\/gamtosoaze.lt\/#\/schema\/logo\/image\/\",\"url\":\"https:\/\/gamtosoaze.lt\/wp-content\/uploads\/2023\/04\/logo.png\",\"contentUrl\":\"https:\/\/gamtosoaze.lt\/wp-content\/uploads\/2023\/04\/logo.png\",\"width\":247,\"height\":130,\"caption\":\"gamtosoaze.lt\"},\"image\":{\"@id\":\"https:\/\/gamtosoaze.lt\/#\/schema\/logo\/image\/\"},\"sameAs\":[\"https:\/\/www.facebook.com\/gamtosoaze.lt\"]}]}<\/script>\n<!-- \/ Yoast SEO plugin. -->","yoast_head_json":{"title":"House no. 6, room no. 2 (2 places) - gamtosoaze.lt","robots":{"index":"index","follow":"follow","max-snippet":"max-snippet:-1","max-image-preview":"max-image-preview:large","max-video-preview":"max-video-preview:-1"},"canonical":"https:\/\/gamtosoaze.lt\/en\/product\/kambarys-6-2-2-vietos\/","og_locale":"en_US","og_type":"article","og_title":"House no. 6, room no. 2 (2 places) - gamtosoaze.lt","og_description":"Children aged 8 and over are considered adults. When indicating the number of arriving guests, don't forget to include children who are older than 8 years. If more people arrive than specified in the accommodation conditions, each additional person will be charged an extra fee of 10-25 euros (depending on the room).  Upon arrival, you will find bedding, but please bring your own bed linen and towels (rental is available \u2013 price is 7 euros). The kitchen is equipped with a frying pan, pot, cutlery, dishes, stovetop, and refrigerator.  No matter how fun it is by the sea, you are responsible for the safety and supervision of your children. By arriving with pets, you take responsibility and ensure that their presence does not disturb the rest of other guests.  Please note that the tap water is drinkable! The nearest store is 12 km away, and the closest caf\u00e9 is 3 km away. We will provide a barbecue grill, but please bring your own skewers and grates. Don't forget charcoal or firewood, although the latter can be purchased on-site \u2013 a bundle costs 6 euros.","og_url":"https:\/\/gamtosoaze.lt\/en\/product\/kambarys-6-2-2-vietos\/","og_site_name":"gamtosoaze.lt","article_publisher":"https:\/\/www.facebook.com\/gamtosoaze.lt","article_modified_time":"2025-04-17T10:54:45+00:00","og_image":[{"width":2048,"height":1367,"url":"https:\/\/gamtosoaze.lt\/wp-content\/uploads\/2023\/04\/Vitali-6-2-iii.jpg","type":"image\/jpeg"}],"twitter_card":"summary_large_image","twitter_misc":{"Est. reading time":"1 minute"},"schema":{"@context":"https:\/\/schema.org","@graph":[{"@type":"WebPage","@id":"https:\/\/gamtosoaze.lt\/en\/product\/kambarys-6-2-2-vietos\/","url":"https:\/\/gamtosoaze.lt\/en\/product\/kambarys-6-2-2-vietos\/","name":"House no. 6, room no. 2 (2 places) - gamtosoaze.lt","isPartOf":{"@id":"https:\/\/gamtosoaze.lt\/#website"},"primaryImageOfPage":{"@id":"https:\/\/gamtosoaze.lt\/en\/product\/kambarys-6-2-2-vietos\/#primaryimage"},"image":{"@id":"https:\/\/gamtosoaze.lt\/en\/product\/kambarys-6-2-2-vietos\/#primaryimage"},"thumbnailUrl":"https:\/\/gamtosoaze.lt\/wp-content\/uploads\/2023\/04\/Vitali-6-2-iii.jpg","datePublished":"2023-04-13T10:23:08+00:00","dateModified":"2025-04-17T10:54:45+00:00","breadcrumb":{"@id":"https:\/\/gamtosoaze.lt\/en\/product\/kambarys-6-2-2-vietos\/#breadcrumb"},"inLanguage":"en-US","potentialAction":[{"@type":"ReadAction","target":["https:\/\/gamtosoaze.lt\/en\/product\/kambarys-6-2-2-vietos\/"]}]},{"@type":"ImageObject","inLanguage":"en-US","@id":"https:\/\/gamtosoaze.lt\/en\/product\/kambarys-6-2-2-vietos\/#primaryimage","url":"https:\/\/gamtosoaze.lt\/wp-content\/uploads\/2023\/04\/Vitali-6-2-iii.jpg","contentUrl":"https:\/\/gamtosoaze.lt\/wp-content\/uploads\/2023\/04\/Vitali-6-2-iii.jpg","width":2048,"height":1367},{"@type":"BreadcrumbList","@id":"https:\/\/gamtosoaze.lt\/en\/product\/kambarys-6-2-2-vietos\/#breadcrumb","itemListElement":[{"@type":"ListItem","position":1,"name":"Home","item":"https:\/\/gamtosoaze.lt\/"},{"@type":"ListItem","position":2,"name":"Shop","item":"https:\/\/gamtosoaze.lt\/en\/shop\/"},{"@type":"ListItem","position":3,"name":"House no. 6, room no. 2 (2 places)"}]},{"@type":"WebSite","@id":"https:\/\/gamtosoaze.lt\/#website","url":"https:\/\/gamtosoaze.lt\/","name":"gamtosoaze.lt","description":"","publisher":{"@id":"https:\/\/gamtosoaze.lt\/#organization"},"potentialAction":[{"@type":"SearchAction","target":{"@type":"EntryPoint","urlTemplate":"https:\/\/gamtosoaze.lt\/?s={search_term_string}"},"query-input":{"@type":"PropertyValueSpecification","valueRequired":true,"valueName":"search_term_string"}}],"inLanguage":"en-US"},{"@type":"Organization","@id":"https:\/\/gamtosoaze.lt\/#organization","name":"gamtosoaze.lt","url":"https:\/\/gamtosoaze.lt\/","logo":{"@type":"ImageObject","inLanguage":"en-US","@id":"https:\/\/gamtosoaze.lt\/#\/schema\/logo\/image\/","url":"https:\/\/gamtosoaze.lt\/wp-content\/uploads\/2023\/04\/logo.png","contentUrl":"https:\/\/gamtosoaze.lt\/wp-content\/uploads\/2023\/04\/logo.png","width":247,"height":130,"caption":"gamtosoaze.lt"},"image":{"@id":"https:\/\/gamtosoaze.lt\/#\/schema\/logo\/image\/"},"sameAs":["https:\/\/www.facebook.com\/gamtosoaze.lt"]}]}},"uagb_featured_image_src":{"full":["https:\/\/gamtosoaze.lt\/wp-content\/uploads\/2023\/04\/Vitali-6-2-iii.jpg",2048,1367,false],"thumbnail":["https:\/\/gamtosoaze.lt\/wp-content\/uploads\/2023\/04\/Vitali-6-2-iii-150x150.jpg",150,150,true],"medium":["https:\/\/gamtosoaze.lt\/wp-content\/uploads\/2023\/04\/Vitali-6-2-iii-300x200.jpg",300,200,true],"medium_large":["https:\/\/gamtosoaze.lt\/wp-content\/uploads\/2023\/04\/Vitali-6-2-iii-768x513.jpg",768,513,true],"large":["https:\/\/gamtosoaze.lt\/wp-content\/uploads\/2023\/04\/Vitali-6-2-iii-1024x684.jpg",1024,684,true],"1536x1536":["https:\/\/gamtosoaze.lt\/wp-content\/uploads\/2023\/04\/Vitali-6-2-iii-1536x1025.jpg",1536,1025,true],"2048x2048":["https:\/\/gamtosoaze.lt\/wp-content\/uploads\/2023\/04\/Vitali-6-2-iii.jpg",2048,1367,false],"woocommerce_thumbnail":["https:\/\/gamtosoaze.lt\/wp-content\/uploads\/2023\/04\/Vitali-6-2-iii-300x300.jpg",300,300,true],"woocommerce_single":["https:\/\/gamtosoaze.lt\/wp-content\/uploads\/2023\/04\/Vitali-6-2-iii-600x400.jpg",600,400,true],"woocommerce_gallery_thumbnail":["https:\/\/gamtosoaze.lt\/wp-content\/uploads\/2023\/04\/Vitali-6-2-iii-100x100.jpg",100,100,true]},"uagb_author_info":{"display_name":"admin","author_link":"https:\/d7bf986ac1847c44\/d7bf986ac1847c44gamtosoaze.lt\/d7bf986ac1847c44en\/d7bf986ac1847c44author\/d7bf986ac1847c44"},"uagb_comment_info":0,"uagb_excerpt":"Children aged 8 and over are considered adults. When indicating the number of arriving guests, don't forget to include children who are older than 8 years. If more people arrive than specified in the accommodation conditions, each additional person will be charged an extra fee of 10-25 euros (depending on the room). Upon arrival, you&hellip;","_links":{"self":[{"href":"https:\/\/gamtosoaze.lt\/en\/wp-json\/wp\/v2\/product\/2714","targetHints":{"allow":["GET"]}}],"collection":[{"href":"https:\/\/gamtosoaze.lt\/en\/wp-json\/wp\/v2\/product"}],"about":[{"href":"https:\/\/gamtosoaze.lt\/en\/wp-json\/wp\/v2\/types\/product"}],"wp:featuredmedia":[{"embeddable":true,"href":"https:\/\/gamtosoaze.lt\/en\/wp-json\/wp\/v2\/media\/1685"}],"wp:attachment":[{"href":"https:\/\/gamtosoaze.lt\/en\/wp-json\/wp\/v2\/media?parent=2714"}],"wp:term":[{"taxonomy":"product_cat","embeddable":true,"href":"https:\/\/gamtosoaze.lt\/en\/wp-json\/wp\/v2\/product_cat?post=2714"},{"taxonomy":"product_tag","embeddable":true,"href":"https:\/\/gamtosoaze.lt\/en\/wp-json\/wp\/v2\/product_tag?post=2714"}],"curies":[{"name":"wp","href":"https:\/\/api.w.org\/{rel}","templated":true}]}}